{"id":217,"date":"2020-06-16T15:04:08","date_gmt":"2020-06-16T15:04:08","guid":{"rendered":"https:\/\/test3.burovloed.nl\/?page_id=217"},"modified":"2025-05-20T10:33:43","modified_gmt":"2025-05-20T10:33:43","slug":"de-we-sell-and-distribute-scaffolding-and-other-used-building-equipment","status":"publish","type":"page","link":"https:\/\/www.buildingequipment.eu\/de\/","title":{"rendered":"Ger\u00fcste &amp; gebrauchte Baumaschinen \u2013 Verkauf &amp; Vertrieb"},"content":{"rendered":"<p>Buildingequipment.eu ist ein dynamisches Unternehmen, das sich in den An- und Verkauf einer gro\u00dfen Auswahl von Ger\u00fcsten und Geb\u00e4udeausr\u00fcstungen spezialisiert hat.<\/p>\n<p>Wir sind eine bekannte Adresse f\u00fcr namenhafte Bauunternehmen und verschiedene Gemeinden mit zentraler Lage in Andelst in den Niederlanden. Die verwendeten Materialien werden sorgf\u00e4ltig gepr\u00fcft bevor wir sie zum Verkauf anbieten. Wir versichern Ihnen, dass alle unsere Produkte technisch einwandfrei sind und sofort f\u00fcr Ihre Projekte verwendet werden k\u00f6nnen.<\/p>\n<p><a class=\"button oranje\" href=\"https:\/\/www.buildingequipment.eu\/de\/kontakt\/?page_id=80\">Kontakt<\/a><\/p>\n","protected":false},"excerpt":{"rendered":"<p>Buildingequipment.eu ist ein dynamisches Unternehmen, das sich in den An- und Verkauf einer gro\u00dfen Auswahl von Ger\u00fcsten und Geb\u00e4udeausr\u00fcstungen spezialisiert hat. Wir sind eine bekannte Adresse f\u00fcr namenhafte Bauunternehmen und verschiedene Gemeinden mit zentraler Lage in Andelst in den Niederlanden. Die verwendeten Materialien werden sorgf\u00e4ltig gepr\u00fcft bevor wir sie zum Verkauf anbieten. Wir versichern Ihnen,<a class=\"excerpt-read-more\" href=\"https:\/\/www.buildingequipment.eu\/de\/\" title=\"ReadGer\u00fcste &amp; gebrauchte Baumaschinen \u2013 Verkauf &amp; Vertrieb\">&#8230; Read more &raquo;<\/a><\/p>\n","protected":false},"author":1,"featured_media":185,"parent":0,"menu_order":12,"comment_status":"closed","ping_status":"closed","template":"","meta":{"_acf_changed":false,"footnotes":""},"class_list":["post-217","page","type-page","status-publish","has-post-thumbnail","hentry"],"acf":[],"yoast_head":"<!-- This site is optimized with the Yoast SEO plugin v27.4 - https:\/\/yoast.com\/product\/yoast-seo-wordpress\/ -->\n<title>Gebrauchte Baumaschinen &amp; Ger\u00fcste | Buildingequipment.eu<\/title>\n<meta name=\"description\" content=\"Gro\u00dfe Auswahl an Ger\u00fcsten &amp; Baumaschinen, gepr\u00fcft &amp; sofort einsetzbar. Weltweiter Versand, Top-Qualit\u00e4t zum g\u00fcnstigen Preis!\" \/>\n<meta name=\"robots\" content=\"index, follow, max-snippet:-1, max-image-preview:large, max-video-preview:-1\" \/>\n<link rel=\"canonical\" href=\"https:\/\/www.buildingequipment.eu\/de\/\" \/>\n<meta property=\"og:locale\" content=\"de_DE\" \/>\n<meta property=\"og:type\" content=\"article\" \/>\n<meta property=\"og:title\" content=\"Gebrauchte Baumaschinen &amp; Ger\u00fcste | Buildingequipment.eu\" \/>\n<meta property=\"og:description\" content=\"Gro\u00dfe Auswahl an Ger\u00fcsten &amp; Baumaschinen, gepr\u00fcft &amp; sofort einsetzbar. Weltweiter Versand, Top-Qualit\u00e4t zum g\u00fcnstigen Preis!\" \/>\n<meta property=\"og:url\" content=\"https:\/\/www.buildingequipment.eu\/de\/\" \/>\n<meta property=\"og:site_name\" content=\"Building Equipment\" \/>\n<meta property=\"article:modified_time\" content=\"2025-05-20T10:33:43+00:00\" \/>\n<meta property=\"og:image\" content=\"https:\/\/www.buildingequipment.eu\/wp-content\/uploads\/2020\/06\/buildingeq.jpg\" \/>\n\t<meta property=\"og:image:width\" content=\"1500\" \/>\n\t<meta property=\"og:image:height\" content=\"986\" \/>\n\t<meta property=\"og:image:type\" content=\"image\/jpeg\" \/>\n<meta name=\"twitter:card\" content=\"summary_large_image\" \/>\n<meta name=\"twitter:label1\" content=\"Gesch\u00e4tzte Lesezeit\" \/>\n\t<meta name=\"twitter:data1\" content=\"2\u00a0Minuten\" \/>\n<script type=\"application\/ld+json\" class=\"yoast-schema-graph\">{\"@context\":\"https:\\\/\\\/schema.org\",\"@graph\":[{\"@type\":\"WebPage\",\"@id\":\"https:\\\/\\\/www.buildingequipment.eu\\\/de\\\/\",\"url\":\"https:\\\/\\\/www.buildingequipment.eu\\\/de\\\/\",\"name\":\"Gebrauchte Baumaschinen & Ger\u00fcste | Buildingequipment.eu\",\"isPartOf\":{\"@id\":\"https:\\\/\\\/www.buildingequipment.eu\\\/de\\\/#website\"},\"primaryImageOfPage\":{\"@id\":\"https:\\\/\\\/www.buildingequipment.eu\\\/de\\\/#primaryimage\"},\"image\":{\"@id\":\"https:\\\/\\\/www.buildingequipment.eu\\\/de\\\/#primaryimage\"},\"thumbnailUrl\":\"https:\\\/\\\/www.buildingequipment.eu\\\/wp-content\\\/uploads\\\/2020\\\/06\\\/buildingeq.jpg\",\"datePublished\":\"2020-06-16T15:04:08+00:00\",\"dateModified\":\"2025-05-20T10:33:43+00:00\",\"description\":\"Gro\u00dfe Auswahl an Ger\u00fcsten & Baumaschinen, gepr\u00fcft & sofort einsetzbar. Weltweiter Versand, Top-Qualit\u00e4t zum g\u00fcnstigen Preis!\",\"breadcrumb\":{\"@id\":\"https:\\\/\\\/www.buildingequipment.eu\\\/de\\\/#breadcrumb\"},\"inLanguage\":\"de\",\"potentialAction\":[{\"@type\":\"ReadAction\",\"target\":[\"https:\\\/\\\/www.buildingequipment.eu\\\/de\\\/\"]}]},{\"@type\":\"ImageObject\",\"inLanguage\":\"de\",\"@id\":\"https:\\\/\\\/www.buildingequipment.eu\\\/de\\\/#primaryimage\",\"url\":\"https:\\\/\\\/www.buildingequipment.eu\\\/wp-content\\\/uploads\\\/2020\\\/06\\\/buildingeq.jpg\",\"contentUrl\":\"https:\\\/\\\/www.buildingequipment.eu\\\/wp-content\\\/uploads\\\/2020\\\/06\\\/buildingeq.jpg\",\"width\":1500,\"height\":986},{\"@type\":\"BreadcrumbList\",\"@id\":\"https:\\\/\\\/www.buildingequipment.eu\\\/de\\\/#breadcrumb\",\"itemListElement\":[{\"@type\":\"ListItem\",\"position\":1,\"name\":\"Home\",\"item\":\"https:\\\/\\\/www.buildingequipment.eu\\\/de\\\/\"},{\"@type\":\"ListItem\",\"position\":2,\"name\":\"Ger\u00fcste &amp; gebrauchte Baumaschinen \u2013 Verkauf &amp; Vertrieb\"}]},{\"@type\":\"WebSite\",\"@id\":\"https:\\\/\\\/www.buildingequipment.eu\\\/de\\\/#website\",\"url\":\"https:\\\/\\\/www.buildingequipment.eu\\\/de\\\/\",\"name\":\"Building Equipment\",\"description\":\"Used Scaffolding and Building Equipment\",\"publisher\":{\"@id\":\"https:\\\/\\\/www.buildingequipment.eu\\\/de\\\/#organization\"},\"potentialAction\":[{\"@type\":\"SearchAction\",\"target\":{\"@type\":\"EntryPoint\",\"urlTemplate\":\"https:\\\/\\\/www.buildingequipment.eu\\\/de\\\/?s={search_term_string}\"},\"query-input\":{\"@type\":\"PropertyValueSpecification\",\"valueRequired\":true,\"valueName\":\"search_term_string\"}}],\"inLanguage\":\"de\"},{\"@type\":\"Organization\",\"@id\":\"https:\\\/\\\/www.buildingequipment.eu\\\/de\\\/#organization\",\"name\":\"Building Equipment\",\"url\":\"https:\\\/\\\/www.buildingequipment.eu\\\/de\\\/\",\"logo\":{\"@type\":\"ImageObject\",\"inLanguage\":\"de\",\"@id\":\"https:\\\/\\\/www.buildingequipment.eu\\\/de\\\/#\\\/schema\\\/logo\\\/image\\\/\",\"url\":\"https:\\\/\\\/www.buildingequipment.eu\\\/wp-content\\\/uploads\\\/2025\\\/05\\\/buildingequipment-logo.png\",\"contentUrl\":\"https:\\\/\\\/www.buildingequipment.eu\\\/wp-content\\\/uploads\\\/2025\\\/05\\\/buildingequipment-logo.png\",\"width\":276,\"height\":99,\"caption\":\"Building Equipment\"},\"image\":{\"@id\":\"https:\\\/\\\/www.buildingequipment.eu\\\/de\\\/#\\\/schema\\\/logo\\\/image\\\/\"}}]}<\/script>\n<!-- \/ Yoast SEO plugin. -->","yoast_head_json":{"title":"Gebrauchte Baumaschinen & Ger\u00fcste | Buildingequipment.eu","description":"Gro\u00dfe Auswahl an Ger\u00fcsten & Baumaschinen, gepr\u00fcft & sofort einsetzbar. Weltweiter Versand, Top-Qualit\u00e4t zum g\u00fcnstigen Preis!","robots":{"index":"index","follow":"follow","max-snippet":"max-snippet:-1","max-image-preview":"max-image-preview:large","max-video-preview":"max-video-preview:-1"},"canonical":"https:\/\/www.buildingequipment.eu\/de\/","og_locale":"de_DE","og_type":"article","og_title":"Gebrauchte Baumaschinen & Ger\u00fcste | Buildingequipment.eu","og_description":"Gro\u00dfe Auswahl an Ger\u00fcsten & Baumaschinen, gepr\u00fcft & sofort einsetzbar. Weltweiter Versand, Top-Qualit\u00e4t zum g\u00fcnstigen Preis!","og_url":"https:\/\/www.buildingequipment.eu\/de\/","og_site_name":"Building Equipment","article_modified_time":"2025-05-20T10:33:43+00:00","og_image":[{"width":1500,"height":986,"url":"https:\/\/www.buildingequipment.eu\/wp-content\/uploads\/2020\/06\/buildingeq.jpg","type":"image\/jpeg"}],"twitter_card":"summary_large_image","twitter_misc":{"Gesch\u00e4tzte Lesezeit":"2\u00a0Minuten"},"schema":{"@context":"https:\/\/schema.org","@graph":[{"@type":"WebPage","@id":"https:\/\/www.buildingequipment.eu\/de\/","url":"https:\/\/www.buildingequipment.eu\/de\/","name":"Gebrauchte Baumaschinen & Ger\u00fcste | Buildingequipment.eu","isPartOf":{"@id":"https:\/\/www.buildingequipment.eu\/de\/#website"},"primaryImageOfPage":{"@id":"https:\/\/www.buildingequipment.eu\/de\/#primaryimage"},"image":{"@id":"https:\/\/www.buildingequipment.eu\/de\/#primaryimage"},"thumbnailUrl":"https:\/\/www.buildingequipment.eu\/wp-content\/uploads\/2020\/06\/buildingeq.jpg","datePublished":"2020-06-16T15:04:08+00:00","dateModified":"2025-05-20T10:33:43+00:00","description":"Gro\u00dfe Auswahl an Ger\u00fcsten & Baumaschinen, gepr\u00fcft & sofort einsetzbar. Weltweiter Versand, Top-Qualit\u00e4t zum g\u00fcnstigen Preis!","breadcrumb":{"@id":"https:\/\/www.buildingequipment.eu\/de\/#breadcrumb"},"inLanguage":"de","potentialAction":[{"@type":"ReadAction","target":["https:\/\/www.buildingequipment.eu\/de\/"]}]},{"@type":"ImageObject","inLanguage":"de","@id":"https:\/\/www.buildingequipment.eu\/de\/#primaryimage","url":"https:\/\/www.buildingequipment.eu\/wp-content\/uploads\/2020\/06\/buildingeq.jpg","contentUrl":"https:\/\/www.buildingequipment.eu\/wp-content\/uploads\/2020\/06\/buildingeq.jpg","width":1500,"height":986},{"@type":"BreadcrumbList","@id":"https:\/\/www.buildingequipment.eu\/de\/#breadcrumb","itemListElement":[{"@type":"ListItem","position":1,"name":"Home","item":"https:\/\/www.buildingequipment.eu\/de\/"},{"@type":"ListItem","position":2,"name":"Ger\u00fcste &amp; gebrauchte Baumaschinen \u2013 Verkauf &amp; Vertrieb"}]},{"@type":"WebSite","@id":"https:\/\/www.buildingequipment.eu\/de\/#website","url":"https:\/\/www.buildingequipment.eu\/de\/","name":"Building Equipment","description":"Used Scaffolding and Building Equipment","publisher":{"@id":"https:\/\/www.buildingequipment.eu\/de\/#organization"},"potentialAction":[{"@type":"SearchAction","target":{"@type":"EntryPoint","urlTemplate":"https:\/\/www.buildingequipment.eu\/de\/?s={search_term_string}"},"query-input":{"@type":"PropertyValueSpecification","valueRequired":true,"valueName":"search_term_string"}}],"inLanguage":"de"},{"@type":"Organization","@id":"https:\/\/www.buildingequipment.eu\/de\/#organization","name":"Building Equipment","url":"https:\/\/www.buildingequipment.eu\/de\/","logo":{"@type":"ImageObject","inLanguage":"de","@id":"https:\/\/www.buildingequipment.eu\/de\/#\/schema\/logo\/image\/","url":"https:\/\/www.buildingequipment.eu\/wp-content\/uploads\/2025\/05\/buildingequipment-logo.png","contentUrl":"https:\/\/www.buildingequipment.eu\/wp-content\/uploads\/2025\/05\/buildingequipment-logo.png","width":276,"height":99,"caption":"Building Equipment"},"image":{"@id":"https:\/\/www.buildingequipment.eu\/de\/#\/schema\/logo\/image\/"}}]}},"_links":{"self":[{"href":"https:\/\/www.buildingequipment.eu\/de\/wp-json\/wp\/v2\/pages\/217","targetHints":{"allow":["GET"]}}],"collection":[{"href":"https:\/\/www.buildingequipment.eu\/de\/wp-json\/wp\/v2\/pages"}],"about":[{"href":"https:\/\/www.buildingequipment.eu\/de\/wp-json\/wp\/v2\/types\/page"}],"author":[{"embeddable":true,"href":"https:\/\/www.buildingequipment.eu\/de\/wp-json\/wp\/v2\/users\/1"}],"replies":[{"embeddable":true,"href":"https:\/\/www.buildingequipment.eu\/de\/wp-json\/wp\/v2\/comments?post=217"}],"version-history":[{"count":7,"href":"https:\/\/www.buildingequipment.eu\/de\/wp-json\/wp\/v2\/pages\/217\/revisions"}],"predecessor-version":[{"id":2083,"href":"https:\/\/www.buildingequipment.eu\/de\/wp-json\/wp\/v2\/pages\/217\/revisions\/2083"}],"wp:featuredmedia":[{"embeddable":true,"href":"https:\/\/www.buildingequipment.eu\/de\/wp-json\/wp\/v2\/media\/185"}],"wp:attachment":[{"href":"https:\/\/www.buildingequipment.eu\/de\/wp-json\/wp\/v2\/media?parent=217"}],"curies":[{"name":"wp","href":"https:\/\/api.w.org\/{rel}","templated":true}]}}