{"id":256,"date":"2020-06-17T09:49:37","date_gmt":"2020-06-17T09:49:37","guid":{"rendered":"https:\/\/test3.burovloed.nl\/?page_id=256"},"modified":"2025-05-20T10:57:34","modified_gmt":"2025-05-20T10:57:34","slug":"kontakt","status":"publish","type":"page","link":"https:\/\/www.buildingequipment.eu\/de\/kontakt\/","title":{"rendered":"Kontakt"},"content":{"rendered":"\r\n<p>Buildingequipment.eu ist ein junges und dynamisches Unternehmen, das sich in den An- und Verkauf einer gro\u00dfen Auswahl von Ger\u00fcsten und Geb\u00e4udeausr\u00fcstungen spezialisiert hat.<\/p>\r\n<p>Wir sind eine bekannte Adresse f\u00fcr namenhafte Bauunternehmen und verschiedene Gemeinden mit zentraler Lage in Andelst in den Niederlanden. Die verwendeten Materialien werden sorgf\u00e4ltig gepr\u00fcft bevor wir sie zum Verkauf anbieten. Wir versichern Ihnen, dass alle unsere Produkte technisch einwandfrei sind und sofort f\u00fcr Ihre Projekte verwendet werden k\u00f6nnen.<\/p>\r\n<p>Vor ein paar Jahren wurde Buildingequipment.eu Importeur f\u00fcr M\u00fcba Geb\u00e4udeausr\u00fcstung. Sie k\u00f6nnen jederzeit zu uns kommen f\u00fcr alle Arten von Ger\u00fcsten, Layher Allround Materialien, Stapelpaletten, Hebeb\u00f6cken, Schuttrohren, Z\u00e4unen, Schranken und Ger\u00fcstbel\u00e4gen.<\/p>\r\n<p>Buildingequipment ist 5 Tage die Woche f\u00fcr Sie ge\u00f6ffnet:<\/p>\r\n<p>Montag bis Donnerstag von 7:00 bis 16:00 Uhr<br \/>Freitag van 07:00u Uhr bis 15:00 Uhr<\/p>\r\n","protected":false},"excerpt":{"rendered":"<p>Buildingequipment.eu ist ein junges und dynamisches Unternehmen, das sich in den An- und Verkauf einer gro\u00dfen Auswahl von Ger\u00fcsten und Geb\u00e4udeausr\u00fcstungen spezialisiert hat. Wir sind eine bekannte Adresse f\u00fcr namenhafte Bauunternehmen und verschiedene Gemeinden mit zentraler Lage in Andelst in den Niederlanden. Die verwendeten Materialien werden sorgf\u00e4ltig gepr\u00fcft bevor wir sie zum Verkauf anbieten. Wir<a class=\"excerpt-read-more\" href=\"https:\/\/www.buildingequipment.eu\/de\/kontakt\/\" title=\"ReadKontakt\">&#8230; Read more &raquo;<\/a><\/p>\n","protected":false},"author":1,"featured_media":787,"parent":0,"menu_order":2,"comment_status":"closed","ping_status":"closed","template":"template-contact.php","meta":{"_acf_changed":false,"footnotes":""},"class_list":["post-256","page","type-page","status-publish","has-post-thumbnail","hentry"],"acf":[],"yoast_head":"<!-- This site is optimized with the Yoast SEO plugin v27.4 - https:\/\/yoast.com\/product\/yoast-seo-wordpress\/ -->\n<title>Kontakt - Building Equipment<\/title>\n<meta name=\"description\" content=\"Kontaktieren Sie uns direkt f\u00fcr Fragen, Angebote oder Bestellungen. Wir liefern gepr\u00fcfte Ger\u00fcste &amp; Bauausr\u00fcstung im europa und weltweit.\" \/>\n<meta name=\"robots\" content=\"index, follow, max-snippet:-1, max-image-preview:large, max-video-preview:-1\" \/>\n<link rel=\"canonical\" href=\"https:\/\/www.buildingequipment.eu\/de\/kontakt\/\" \/>\n<meta property=\"og:locale\" content=\"de_DE\" \/>\n<meta property=\"og:type\" content=\"article\" \/>\n<meta property=\"og:title\" content=\"Kontakt - Building Equipment\" \/>\n<meta property=\"og:description\" content=\"Kontaktieren Sie uns direkt f\u00fcr Fragen, Angebote oder Bestellungen. Wir liefern gepr\u00fcfte Ger\u00fcste &amp; Bauausr\u00fcstung im europa und weltweit.\" \/>\n<meta property=\"og:url\" content=\"https:\/\/www.buildingequipment.eu\/de\/kontakt\/\" \/>\n<meta property=\"og:site_name\" content=\"Building Equipment\" \/>\n<meta property=\"article:modified_time\" content=\"2025-05-20T10:57:34+00:00\" \/>\n<meta property=\"og:image\" content=\"https:\/\/www.buildingequipment.eu\/wp-content\/uploads\/2020\/07\/Scaffolding-building-equipement-buro-vloed.49.jpeg\" \/>\n\t<meta property=\"og:image:width\" content=\"1600\" \/>\n\t<meta property=\"og:image:height\" content=\"1200\" \/>\n\t<meta property=\"og:image:type\" content=\"image\/jpeg\" \/>\n<meta name=\"twitter:card\" content=\"summary_large_image\" \/>\n<meta name=\"twitter:label1\" content=\"Gesch\u00e4tzte Lesezeit\" \/>\n\t<meta name=\"twitter:data1\" content=\"1\u00a0Minute\" \/>\n<script type=\"application\/ld+json\" class=\"yoast-schema-graph\">{\"@context\":\"https:\\\/\\\/schema.org\",\"@graph\":[{\"@type\":\"WebPage\",\"@id\":\"https:\\\/\\\/www.buildingequipment.eu\\\/de\\\/kontakt\\\/\",\"url\":\"https:\\\/\\\/www.buildingequipment.eu\\\/de\\\/kontakt\\\/\",\"name\":\"Kontakt - Building Equipment\",\"isPartOf\":{\"@id\":\"https:\\\/\\\/www.buildingequipment.eu\\\/de\\\/#website\"},\"primaryImageOfPage\":{\"@id\":\"https:\\\/\\\/www.buildingequipment.eu\\\/de\\\/kontakt\\\/#primaryimage\"},\"image\":{\"@id\":\"https:\\\/\\\/www.buildingequipment.eu\\\/de\\\/kontakt\\\/#primaryimage\"},\"thumbnailUrl\":\"https:\\\/\\\/www.buildingequipment.eu\\\/wp-content\\\/uploads\\\/2020\\\/07\\\/Scaffolding-building-equipement-buro-vloed.49.jpeg\",\"datePublished\":\"2020-06-17T09:49:37+00:00\",\"dateModified\":\"2025-05-20T10:57:34+00:00\",\"description\":\"Kontaktieren Sie uns direkt f\u00fcr Fragen, Angebote oder Bestellungen. Wir liefern gepr\u00fcfte Ger\u00fcste & Bauausr\u00fcstung im europa und weltweit.\",\"breadcrumb\":{\"@id\":\"https:\\\/\\\/www.buildingequipment.eu\\\/de\\\/kontakt\\\/#breadcrumb\"},\"inLanguage\":\"de\",\"potentialAction\":[{\"@type\":\"ReadAction\",\"target\":[\"https:\\\/\\\/www.buildingequipment.eu\\\/de\\\/kontakt\\\/\"]}]},{\"@type\":\"ImageObject\",\"inLanguage\":\"de\",\"@id\":\"https:\\\/\\\/www.buildingequipment.eu\\\/de\\\/kontakt\\\/#primaryimage\",\"url\":\"https:\\\/\\\/www.buildingequipment.eu\\\/wp-content\\\/uploads\\\/2020\\\/07\\\/Scaffolding-building-equipement-buro-vloed.49.jpeg\",\"contentUrl\":\"https:\\\/\\\/www.buildingequipment.eu\\\/wp-content\\\/uploads\\\/2020\\\/07\\\/Scaffolding-building-equipement-buro-vloed.49.jpeg\",\"width\":1600,\"height\":1200},{\"@type\":\"BreadcrumbList\",\"@id\":\"https:\\\/\\\/www.buildingequipment.eu\\\/de\\\/kontakt\\\/#breadcrumb\",\"itemListElement\":[{\"@type\":\"ListItem\",\"position\":1,\"name\":\"Home\",\"item\":\"https:\\\/\\\/www.buildingequipment.eu\\\/de\\\/\"},{\"@type\":\"ListItem\",\"position\":2,\"name\":\"Kontakt\"}]},{\"@type\":\"WebSite\",\"@id\":\"https:\\\/\\\/www.buildingequipment.eu\\\/de\\\/#website\",\"url\":\"https:\\\/\\\/www.buildingequipment.eu\\\/de\\\/\",\"name\":\"Building Equipment\",\"description\":\"Used Scaffolding and Building Equipment\",\"publisher\":{\"@id\":\"https:\\\/\\\/www.buildingequipment.eu\\\/de\\\/#organization\"},\"potentialAction\":[{\"@type\":\"SearchAction\",\"target\":{\"@type\":\"EntryPoint\",\"urlTemplate\":\"https:\\\/\\\/www.buildingequipment.eu\\\/de\\\/?s={search_term_string}\"},\"query-input\":{\"@type\":\"PropertyValueSpecification\",\"valueRequired\":true,\"valueName\":\"search_term_string\"}}],\"inLanguage\":\"de\"},{\"@type\":\"Organization\",\"@id\":\"https:\\\/\\\/www.buildingequipment.eu\\\/de\\\/#organization\",\"name\":\"Building Equipment\",\"url\":\"https:\\\/\\\/www.buildingequipment.eu\\\/de\\\/\",\"logo\":{\"@type\":\"ImageObject\",\"inLanguage\":\"de\",\"@id\":\"https:\\\/\\\/www.buildingequipment.eu\\\/de\\\/#\\\/schema\\\/logo\\\/image\\\/\",\"url\":\"https:\\\/\\\/www.buildingequipment.eu\\\/wp-content\\\/uploads\\\/2025\\\/05\\\/buildingequipment-logo.png\",\"contentUrl\":\"https:\\\/\\\/www.buildingequipment.eu\\\/wp-content\\\/uploads\\\/2025\\\/05\\\/buildingequipment-logo.png\",\"width\":276,\"height\":99,\"caption\":\"Building Equipment\"},\"image\":{\"@id\":\"https:\\\/\\\/www.buildingequipment.eu\\\/de\\\/#\\\/schema\\\/logo\\\/image\\\/\"}}]}<\/script>\n<!-- \/ Yoast SEO plugin. -->","yoast_head_json":{"title":"Kontakt - Building Equipment","description":"Kontaktieren Sie uns direkt f\u00fcr Fragen, Angebote oder Bestellungen. Wir liefern gepr\u00fcfte Ger\u00fcste & Bauausr\u00fcstung im europa und weltweit.","robots":{"index":"index","follow":"follow","max-snippet":"max-snippet:-1","max-image-preview":"max-image-preview:large","max-video-preview":"max-video-preview:-1"},"canonical":"https:\/\/www.buildingequipment.eu\/de\/kontakt\/","og_locale":"de_DE","og_type":"article","og_title":"Kontakt - Building Equipment","og_description":"Kontaktieren Sie uns direkt f\u00fcr Fragen, Angebote oder Bestellungen. Wir liefern gepr\u00fcfte Ger\u00fcste & Bauausr\u00fcstung im europa und weltweit.","og_url":"https:\/\/www.buildingequipment.eu\/de\/kontakt\/","og_site_name":"Building Equipment","article_modified_time":"2025-05-20T10:57:34+00:00","og_image":[{"width":1600,"height":1200,"url":"https:\/\/www.buildingequipment.eu\/wp-content\/uploads\/2020\/07\/Scaffolding-building-equipement-buro-vloed.49.jpeg","type":"image\/jpeg"}],"twitter_card":"summary_large_image","twitter_misc":{"Gesch\u00e4tzte Lesezeit":"1\u00a0Minute"},"schema":{"@context":"https:\/\/schema.org","@graph":[{"@type":"WebPage","@id":"https:\/\/www.buildingequipment.eu\/de\/kontakt\/","url":"https:\/\/www.buildingequipment.eu\/de\/kontakt\/","name":"Kontakt - Building Equipment","isPartOf":{"@id":"https:\/\/www.buildingequipment.eu\/de\/#website"},"primaryImageOfPage":{"@id":"https:\/\/www.buildingequipment.eu\/de\/kontakt\/#primaryimage"},"image":{"@id":"https:\/\/www.buildingequipment.eu\/de\/kontakt\/#primaryimage"},"thumbnailUrl":"https:\/\/www.buildingequipment.eu\/wp-content\/uploads\/2020\/07\/Scaffolding-building-equipement-buro-vloed.49.jpeg","datePublished":"2020-06-17T09:49:37+00:00","dateModified":"2025-05-20T10:57:34+00:00","description":"Kontaktieren Sie uns direkt f\u00fcr Fragen, Angebote oder Bestellungen. Wir liefern gepr\u00fcfte Ger\u00fcste & Bauausr\u00fcstung im europa und weltweit.","breadcrumb":{"@id":"https:\/\/www.buildingequipment.eu\/de\/kontakt\/#breadcrumb"},"inLanguage":"de","potentialAction":[{"@type":"ReadAction","target":["https:\/\/www.buildingequipment.eu\/de\/kontakt\/"]}]},{"@type":"ImageObject","inLanguage":"de","@id":"https:\/\/www.buildingequipment.eu\/de\/kontakt\/#primaryimage","url":"https:\/\/www.buildingequipment.eu\/wp-content\/uploads\/2020\/07\/Scaffolding-building-equipement-buro-vloed.49.jpeg","contentUrl":"https:\/\/www.buildingequipment.eu\/wp-content\/uploads\/2020\/07\/Scaffolding-building-equipement-buro-vloed.49.jpeg","width":1600,"height":1200},{"@type":"BreadcrumbList","@id":"https:\/\/www.buildingequipment.eu\/de\/kontakt\/#breadcrumb","itemListElement":[{"@type":"ListItem","position":1,"name":"Home","item":"https:\/\/www.buildingequipment.eu\/de\/"},{"@type":"ListItem","position":2,"name":"Kontakt"}]},{"@type":"WebSite","@id":"https:\/\/www.buildingequipment.eu\/de\/#website","url":"https:\/\/www.buildingequipment.eu\/de\/","name":"Building Equipment","description":"Used Scaffolding and Building Equipment","publisher":{"@id":"https:\/\/www.buildingequipment.eu\/de\/#organization"},"potentialAction":[{"@type":"SearchAction","target":{"@type":"EntryPoint","urlTemplate":"https:\/\/www.buildingequipment.eu\/de\/?s={search_term_string}"},"query-input":{"@type":"PropertyValueSpecification","valueRequired":true,"valueName":"search_term_string"}}],"inLanguage":"de"},{"@type":"Organization","@id":"https:\/\/www.buildingequipment.eu\/de\/#organization","name":"Building Equipment","url":"https:\/\/www.buildingequipment.eu\/de\/","logo":{"@type":"ImageObject","inLanguage":"de","@id":"https:\/\/www.buildingequipment.eu\/de\/#\/schema\/logo\/image\/","url":"https:\/\/www.buildingequipment.eu\/wp-content\/uploads\/2025\/05\/buildingequipment-logo.png","contentUrl":"https:\/\/www.buildingequipment.eu\/wp-content\/uploads\/2025\/05\/buildingequipment-logo.png","width":276,"height":99,"caption":"Building Equipment"},"image":{"@id":"https:\/\/www.buildingequipment.eu\/de\/#\/schema\/logo\/image\/"}}]}},"_links":{"self":[{"href":"https:\/\/www.buildingequipment.eu\/de\/wp-json\/wp\/v2\/pages\/256","targetHints":{"allow":["GET"]}}],"collection":[{"href":"https:\/\/www.buildingequipment.eu\/de\/wp-json\/wp\/v2\/pages"}],"about":[{"href":"https:\/\/www.buildingequipment.eu\/de\/wp-json\/wp\/v2\/types\/page"}],"author":[{"embeddable":true,"href":"https:\/\/www.buildingequipment.eu\/de\/wp-json\/wp\/v2\/users\/1"}],"replies":[{"embeddable":true,"href":"https:\/\/www.buildingequipment.eu\/de\/wp-json\/wp\/v2\/comments?post=256"}],"version-history":[{"count":7,"href":"https:\/\/www.buildingequipment.eu\/de\/wp-json\/wp\/v2\/pages\/256\/revisions"}],"predecessor-version":[{"id":1983,"href":"https:\/\/www.buildingequipment.eu\/de\/wp-json\/wp\/v2\/pages\/256\/revisions\/1983"}],"wp:featuredmedia":[{"embeddable":true,"href":"https:\/\/www.buildingequipment.eu\/de\/wp-json\/wp\/v2\/media\/787"}],"wp:attachment":[{"href":"https:\/\/www.buildingequipment.eu\/de\/wp-json\/wp\/v2\/media?parent=256"}],"curies":[{"name":"wp","href":"https:\/\/api.w.org\/{rel}","templated":true}]}}